{"id":284,"date":"2018-12-11T10:08:29","date_gmt":"2018-12-11T10:08:29","guid":{"rendered":"http:\/\/template-new.template.cmsmasters.net\/?post_type=product&#038;p=284"},"modified":"2021-10-27T19:11:04","modified_gmt":"2021-10-27T19:11:04","slug":"tintura-de-cardus-marianus","status":"publish","type":"product","link":"https:\/\/evalia.mx\/tienda\/producto\/tintura-de-cardus-marianus\/","title":{"rendered":"Tintura de Cardus marianus."},"content":{"rendered":"<section class=\"big-section\">\n<div class=\"container\">\n<div class=\"row\">\n<div class=\"col-12 col-lg-9 offset-lg-1 last-paragraph-no-margin wow animate__fadeIn\" data-wow-delay=\"0.2s\">\n<h5 class=\"alt-font text-extra-dark-gray font-weight-500\">Descubre el poder de las plantas medicinales en gotas<\/h5>\n<p>Las plantas medicinales se utilizan para tratar un sinf\u00edn de enfermedades. Cuando se convierten en tinturas madre, sus beneficios se multiplican..<\/p>\n<p>oy en d\u00eda, el uso de plantas medicinales se ha vuelto algo bastante com\u00fan para curar ciertas enfermedades. Sin embargo, ya se ven\u00edan utilizando desde la antig\u00fcedad cuando los conocimientos en la medicina eran pr\u00e1cticamente nulos. Lo m\u00e1s com\u00fan es consumirlas a trav\u00e9s de la preparaci\u00f3n de distintas variedades de infusiones. Pero actualmente, la elaboraci\u00f3n de tintura madre se ha vuelto muy popular, sobre todo para aprovechar el poder de estas plantas por medio de peque\u00f1as gotas.<\/p>\n<h5 class=\"alt-font text-extra-dark-gray font-weight-500\">\u00bfQu\u00e9 es la tintura madre EVALIA?<\/h5>\n<p>Se conoce como tintura madre al extracto l\u00edquido o soluci\u00f3n de los principios activos que contiene una planta. En este caso pueden utilizarse varias partes de la planta, es decir, las flores, las hojas e incluso, la ra\u00edz. Normalmente se mezcla con alg\u00fan tipo de soluci\u00f3n hidroalcoh\u00f3lica, aunque tambi\u00e9n se pueden utilizar otros elementos similares.<br \/>\nEl objetivo es llenar un recipiente con esta soluci\u00f3n y a\u00f1adir la parte de la planta que se desea. Con esto se consigue que la mayor parte de las propiedades medicinales se concentren para utilizarlas posteriormente. La planta a utilizar puede estar fresca o seca lo importante es que el alcohol pueda extraer todos los principios activos de la misma.<\/p>\n<h5 class=\"alt-font text-extra-dark-gray font-weight-500\">\u00bfCu\u00e1les son los beneficios de la tintura madre?<\/h5>\n<p>Seg\u00fan el tipo de planta medicinal que se utilice, los beneficios de la tintura madre pueden variar. Cabe destacar que las tinturas madre concentra todos los principios activos de una planta. Por lo que sus propiedades pasan a ser m\u00e1s duraderas, mientras que sus efectos medicinales se vuelven m\u00e1s eficaces.<br \/>\nSin importar la parte que se utilice de la planta, las tinturas conservan el poder de sus propiedades hasta por dos a\u00f1os. Siendo un complemento esencial que no debe faltar en casa para combatir numerosas afecciones.<br \/>\nDe este modo, algunos de los beneficios de este tipo de tinturas son los siguientes:<br \/>\n&#8211; Dentro de un envase de vidrio correctamente almacenado, las tinturas pueden preservarse por mucho tiempo. Incluso m\u00e1s que conservar las hojas o las flores secas.<br \/>\n&#8211; La concentraci\u00f3n de principios activos de las tinturas es realmente alta y de mucha calidad.<br \/>\n&#8211; Con el pasar del tiempo, los principios activos extra\u00eddos de una planta medicinal no disminuyen, todo lo contrario, cada vez se concentran m\u00e1s.<br \/>\n&#8211; Ingerirlas es bastante simple, se puede agregar una determinada cantidad de la soluci\u00f3n en agua, jugo o t\u00e9.<br \/>\n&#8211; Debido a que se preparan en envases de vidrio, estos no ocupan demasiado espacio, lo que es ideal para tener varias en casa.<\/p>\n<\/div>\n<\/div>\n<\/div>\n<\/section>\n","protected":false},"excerpt":{"rendered":"<p><span style=\"font-size: large;\"><span lang=\"es-ES\">Tintura de Cardus marianus.<\/span><\/span><\/p>\n<p><span style=\"font-size: medium;\"><span lang=\"es-ES\">Modo de uso: diluir 5 Gotas en 250 ml de agua<\/span><\/span><\/p>\n<p><span style=\"font-size: medium;\"><span lang=\"es-ES\">Ingredientes: cardus marianus, boldo <\/span><\/span><span lang=\"es-ES\">(base hidro-alcoh\u00f3lica 70-30)<\/span><\/p>\n","protected":false},"featured_media":1505,"comment_status":"open","ping_status":"closed","template":"","meta":{"_joinchat":[]},"product_cat":[21],"product_tag":[49],"class_list":["post-284","product","type-product","status-publish","has-post-thumbnail","hentry","product_cat-sin-categorizar","product_tag-tintura-de-cardus-marianus"],"yoast_head":"<!-- This site is optimized with the Yoast SEO plugin v17.4 - https:\/\/yoast.com\/wordpress\/plugins\/seo\/ -->\n<title>Tintura de Cardus marianus. - EVALIA IS NATURE - TINTURAS MADRE - HERBOLAR\u00cdA MEXICANA<\/title>\n<meta name=\"robots\" content=\"index, follow, max-snippet:-1, max-image-preview:large, max-video-preview:-1\" \/>\n<link rel=\"canonical\" href=\"https:\/\/evalia.mx\/tienda\/producto\/tintura-de-cardus-marianus\/\" \/>\n<meta property=\"og:locale\" content=\"es_MX\" \/>\n<meta property=\"og:type\" content=\"article\" \/>\n<meta property=\"og:title\" content=\"Tintura de Cardus marianus. - EVALIA IS NATURE - TINTURAS MADRE - HERBOLAR\u00cdA MEXICANA\" \/>\n<meta property=\"og:description\" content=\"Tintura de Cardus marianus.  Modo de uso: diluir 5 Gotas en 250 ml de agua  Ingredientes: cardus marianus, boldo (base hidro-alcoh\u00f3lica 70-30)\" \/>\n<meta property=\"og:url\" content=\"https:\/\/evalia.mx\/tienda\/producto\/tintura-de-cardus-marianus\/\" \/>\n<meta property=\"og:site_name\" content=\"EVALIA IS NATURE - TINTURAS MADRE - HERBOLAR\u00cdA MEXICANA\" \/>\n<meta property=\"article:modified_time\" content=\"2021-10-27T19:11:04+00:00\" \/>\n<meta property=\"og:image\" content=\"https:\/\/evalia.mx\/tienda\/wp-content\/uploads\/2018\/12\/catalogo-evalia-tintura-cardus-marianus.jpg\" \/>\n\t<meta property=\"og:image:width\" content=\"476\" \/>\n\t<meta property=\"og:image:height\" content=\"595\" \/>\n<meta name=\"twitter:card\" content=\"summary_large_image\" \/>\n<meta name=\"twitter:label1\" content=\"Tiempo de lectura\" \/>\n\t<meta name=\"twitter:data1\" content=\"2 minutos\" \/>\n<script type=\"application\/ld+json\" class=\"yoast-schema-graph\">{\"@context\":\"https:\/\/schema.org\",\"@graph\":[{\"@type\":\"WebSite\",\"@id\":\"https:\/\/evalia.mx\/tienda\/#website\",\"url\":\"https:\/\/evalia.mx\/tienda\/\",\"name\":\"EVALIA IS NATURE - TINTURAS MADRE - HERBOLAR\\u00cdA MEXICANA\",\"description\":\"\",\"potentialAction\":[{\"@type\":\"SearchAction\",\"target\":{\"@type\":\"EntryPoint\",\"urlTemplate\":\"https:\/\/evalia.mx\/tienda\/?s={search_term_string}\"},\"query-input\":\"required name=search_term_string\"}],\"inLanguage\":\"es\"},{\"@type\":\"ImageObject\",\"@id\":\"https:\/\/evalia.mx\/tienda\/producto\/tintura-de-cardus-marianus\/#primaryimage\",\"inLanguage\":\"es\",\"url\":\"https:\/\/evalia.mx\/tienda\/wp-content\/uploads\/2018\/12\/catalogo-evalia-tintura-cardus-marianus.jpg\",\"contentUrl\":\"https:\/\/evalia.mx\/tienda\/wp-content\/uploads\/2018\/12\/catalogo-evalia-tintura-cardus-marianus.jpg\",\"width\":476,\"height\":595},{\"@type\":\"WebPage\",\"@id\":\"https:\/\/evalia.mx\/tienda\/producto\/tintura-de-cardus-marianus\/#webpage\",\"url\":\"https:\/\/evalia.mx\/tienda\/producto\/tintura-de-cardus-marianus\/\",\"name\":\"Tintura de Cardus marianus. - EVALIA IS NATURE - TINTURAS MADRE - HERBOLAR\\u00cdA MEXICANA\",\"isPartOf\":{\"@id\":\"https:\/\/evalia.mx\/tienda\/#website\"},\"primaryImageOfPage\":{\"@id\":\"https:\/\/evalia.mx\/tienda\/producto\/tintura-de-cardus-marianus\/#primaryimage\"},\"datePublished\":\"2018-12-11T10:08:29+00:00\",\"dateModified\":\"2021-10-27T19:11:04+00:00\",\"breadcrumb\":{\"@id\":\"https:\/\/evalia.mx\/tienda\/producto\/tintura-de-cardus-marianus\/#breadcrumb\"},\"inLanguage\":\"es\",\"potentialAction\":[{\"@type\":\"ReadAction\",\"target\":[\"https:\/\/evalia.mx\/tienda\/producto\/tintura-de-cardus-marianus\/\"]}]},{\"@type\":\"BreadcrumbList\",\"@id\":\"https:\/\/evalia.mx\/tienda\/producto\/tintura-de-cardus-marianus\/#breadcrumb\",\"itemListElement\":[{\"@type\":\"ListItem\",\"position\":1,\"name\":\"Inicio\",\"item\":\"https:\/\/evalia.mx\/tienda\/\"},{\"@type\":\"ListItem\",\"position\":2,\"name\":\"Tienda\",\"item\":\"https:\/\/evalia.mx\/tienda\/\"},{\"@type\":\"ListItem\",\"position\":3,\"name\":\"Tintura de Cardus marianus.\"}]}]}<\/script>\n<!-- \/ Yoast SEO plugin. -->","yoast_head_json":{"title":"Tintura de Cardus marianus. - EVALIA IS NATURE - TINTURAS MADRE - HERBOLAR\u00cdA MEXICANA","robots":{"index":"index","follow":"follow","max-snippet":"max-snippet:-1","max-image-preview":"max-image-preview:large","max-video-preview":"max-video-preview:-1"},"canonical":"https:\/\/evalia.mx\/tienda\/producto\/tintura-de-cardus-marianus\/","og_locale":"es_MX","og_type":"article","og_title":"Tintura de Cardus marianus. - EVALIA IS NATURE - TINTURAS MADRE - HERBOLAR\u00cdA MEXICANA","og_description":"Tintura de Cardus marianus.  Modo de uso: diluir 5 Gotas en 250 ml de agua  Ingredientes: cardus marianus, boldo (base hidro-alcoh\u00f3lica 70-30)","og_url":"https:\/\/evalia.mx\/tienda\/producto\/tintura-de-cardus-marianus\/","og_site_name":"EVALIA IS NATURE - TINTURAS MADRE - HERBOLAR\u00cdA MEXICANA","article_modified_time":"2021-10-27T19:11:04+00:00","og_image":[{"width":476,"height":595,"url":"https:\/\/evalia.mx\/tienda\/wp-content\/uploads\/2018\/12\/catalogo-evalia-tintura-cardus-marianus.jpg","type":"image\/jpeg"}],"twitter_card":"summary_large_image","twitter_misc":{"Tiempo de lectura":"2 minutos"},"schema":{"@context":"https:\/\/schema.org","@graph":[{"@type":"WebSite","@id":"https:\/\/evalia.mx\/tienda\/#website","url":"https:\/\/evalia.mx\/tienda\/","name":"EVALIA IS NATURE - TINTURAS MADRE - HERBOLAR\u00cdA MEXICANA","description":"","potentialAction":[{"@type":"SearchAction","target":{"@type":"EntryPoint","urlTemplate":"https:\/\/evalia.mx\/tienda\/?s={search_term_string}"},"query-input":"required name=search_term_string"}],"inLanguage":"es"},{"@type":"ImageObject","@id":"https:\/\/evalia.mx\/tienda\/producto\/tintura-de-cardus-marianus\/#primaryimage","inLanguage":"es","url":"https:\/\/evalia.mx\/tienda\/wp-content\/uploads\/2018\/12\/catalogo-evalia-tintura-cardus-marianus.jpg","contentUrl":"https:\/\/evalia.mx\/tienda\/wp-content\/uploads\/2018\/12\/catalogo-evalia-tintura-cardus-marianus.jpg","width":476,"height":595},{"@type":"WebPage","@id":"https:\/\/evalia.mx\/tienda\/producto\/tintura-de-cardus-marianus\/#webpage","url":"https:\/\/evalia.mx\/tienda\/producto\/tintura-de-cardus-marianus\/","name":"Tintura de Cardus marianus. - EVALIA IS NATURE - TINTURAS MADRE - HERBOLAR\u00cdA MEXICANA","isPartOf":{"@id":"https:\/\/evalia.mx\/tienda\/#website"},"primaryImageOfPage":{"@id":"https:\/\/evalia.mx\/tienda\/producto\/tintura-de-cardus-marianus\/#primaryimage"},"datePublished":"2018-12-11T10:08:29+00:00","dateModified":"2021-10-27T19:11:04+00:00","breadcrumb":{"@id":"https:\/\/evalia.mx\/tienda\/producto\/tintura-de-cardus-marianus\/#breadcrumb"},"inLanguage":"es","potentialAction":[{"@type":"ReadAction","target":["https:\/\/evalia.mx\/tienda\/producto\/tintura-de-cardus-marianus\/"]}]},{"@type":"BreadcrumbList","@id":"https:\/\/evalia.mx\/tienda\/producto\/tintura-de-cardus-marianus\/#breadcrumb","itemListElement":[{"@type":"ListItem","position":1,"name":"Inicio","item":"https:\/\/evalia.mx\/tienda\/"},{"@type":"ListItem","position":2,"name":"Tienda","item":"https:\/\/evalia.mx\/tienda\/"},{"@type":"ListItem","position":3,"name":"Tintura de Cardus marianus."}]}]}},"_links":{"self":[{"href":"https:\/\/evalia.mx\/tienda\/wp-json\/wp\/v2\/product\/284","targetHints":{"allow":["GET"]}}],"collection":[{"href":"https:\/\/evalia.mx\/tienda\/wp-json\/wp\/v2\/product"}],"about":[{"href":"https:\/\/evalia.mx\/tienda\/wp-json\/wp\/v2\/types\/product"}],"replies":[{"embeddable":true,"href":"https:\/\/evalia.mx\/tienda\/wp-json\/wp\/v2\/comments?post=284"}],"wp:featuredmedia":[{"embeddable":true,"href":"https:\/\/evalia.mx\/tienda\/wp-json\/wp\/v2\/media\/1505"}],"wp:attachment":[{"href":"https:\/\/evalia.mx\/tienda\/wp-json\/wp\/v2\/media?parent=284"}],"wp:term":[{"taxonomy":"product_cat","embeddable":true,"href":"https:\/\/evalia.mx\/tienda\/wp-json\/wp\/v2\/product_cat?post=284"},{"taxonomy":"product_tag","embeddable":true,"href":"https:\/\/evalia.mx\/tienda\/wp-json\/wp\/v2\/product_tag?post=284"}],"curies":[{"name":"wp","href":"https:\/\/api.w.org\/{rel}","templated":true}]}}